{"id":43,"date":"2025-06-16T09:20:54","date_gmt":"2025-06-16T09:20:54","guid":{"rendered":"https:\/\/dev.vinomariniguls.es\/?page_id=43"},"modified":"2025-07-28T07:42:52","modified_gmt":"2025-07-28T07:42:52","slug":"home","status":"publish","type":"page","link":"https:\/\/dev.vinomariniguls.es\/","title":{"rendered":"MiN"},"content":{"rendered":"\t\t<div data-elementor-type=\"wp-page\" data-elementor-id=\"43\" class=\"elementor elementor-43\">\n\t\t\t\t<div class=\"elementor-element elementor-element-3d2793a e-con-full e-flex e-con e-parent\" data-id=\"3d2793a\" data-element_type=\"container\">\n\t\t\t\t<div class=\"elementor-element elementor-element-b4ad888 elementor-widget elementor-widget-image\" data-id=\"b4ad888\" data-element_type=\"widget\" data-widget_type=\"image.default\">\n\t\t\t\t<div class=\"elementor-widget-container\">\n\t\t\t\t\t\t\t\t\t\t\t\t\t\t\t<img fetchpriority=\"high\" decoding=\"async\" width=\"2560\" height=\"1707\" src=\"https:\/\/dev.vinomariniguls.es\/wp-content\/uploads\/2025\/06\/Mar-i-Niguls-portada-scaled.jpg\" class=\"attachment-full size-full wp-image-79\" alt=\"\" srcset=\"https:\/\/dev.vinomariniguls.es\/wp-content\/uploads\/2025\/06\/Mar-i-Niguls-portada-scaled.jpg 2560w, https:\/\/dev.vinomariniguls.es\/wp-content\/uploads\/2025\/06\/Mar-i-Niguls-portada-300x200.jpg 300w, https:\/\/dev.vinomariniguls.es\/wp-content\/uploads\/2025\/06\/Mar-i-Niguls-portada-1024x683.jpg 1024w, https:\/\/dev.vinomariniguls.es\/wp-content\/uploads\/2025\/06\/Mar-i-Niguls-portada-768x512.jpg 768w, https:\/\/dev.vinomariniguls.es\/wp-content\/uploads\/2025\/06\/Mar-i-Niguls-portada-1536x1024.jpg 1536w, https:\/\/dev.vinomariniguls.es\/wp-content\/uploads\/2025\/06\/Mar-i-Niguls-portada-2048x1365.jpg 2048w\" sizes=\"(max-width: 2560px) 100vw, 2560px\" \/>\t\t\t\t\t\t\t\t\t\t\t\t\t\t\t<\/div>\n\t\t\t\t<\/div>\n\t\t\t\t<\/div>\n\t\t<div class=\"elementor-element elementor-element-9a9bace e-flex e-con-boxed e-con e-parent\" data-id=\"9a9bace\" data-element_type=\"container\" data-settings=\"{&quot;background_background&quot;:&quot;classic&quot;}\">\n\t\t\t\t\t<div class=\"e-con-inner\">\n\t\t\t\t<div class=\"elementor-element elementor-element-76b2cac elementor-widget elementor-widget-spacer\" data-id=\"76b2cac\" data-element_type=\"widget\" data-widget_type=\"spacer.default\">\n\t\t\t\t<div class=\"elementor-widget-container\">\n\t\t\t\t\t\t\t<div class=\"elementor-spacer\">\n\t\t\t<div class=\"elementor-spacer-inner\"><\/div>\n\t\t<\/div>\n\t\t\t\t\t\t<\/div>\n\t\t\t\t<\/div>\n\t\t\t\t<div class=\"elementor-element elementor-element-7f6d12d elementor-widget elementor-widget-heading\" data-id=\"7f6d12d\" data-element_type=\"widget\" data-widget_type=\"heading.default\">\n\t\t\t\t<div class=\"elementor-widget-container\">\n\t\t\t\t\t<h6 class=\"elementor-heading-title elementor-size-default\">sobre nosotros<\/h6>\t\t\t\t<\/div>\n\t\t\t\t<\/div>\n\t\t\t\t<div class=\"elementor-element elementor-element-bb6475d elementor-widget elementor-widget-heading\" data-id=\"bb6475d\" data-element_type=\"widget\" data-widget_type=\"heading.default\">\n\t\t\t\t<div class=\"elementor-widget-container\">\n\t\t\t\t\t<h2 class=\"elementor-heading-title elementor-size-default\">Un paso m\u00e1s<\/h2>\t\t\t\t<\/div>\n\t\t\t\t<\/div>\n\t\t\t\t<div class=\"elementor-element elementor-element-b713793 elementor-widget elementor-widget-text-editor\" data-id=\"b713793\" data-element_type=\"widget\" data-widget_type=\"text-editor.default\">\n\t\t\t\t<div class=\"elementor-widget-container\">\n\t\t\t\t\t\t\t\t\t<p data-start=\"476\" data-end=\"808\">En <strong data-start=\"479\" data-end=\"496\">Highland Gold<\/strong> llevamos m\u00e1s de cincuenta a\u00f1os dedic\u00e1ndonos a la distribuci\u00f3n de bebidas para hosteler\u00eda, peque\u00f1o comercio y particulares. Nuestro compromiso, cercan\u00eda y calidad nos han convertido en un referente del sector en Mallorca. Y queremos seguir creciendo, sin perder nunca nuestros valores ni nuestra profesionalidad.\u00a0<span style=\"font-size: 1rem;\">Ese deseo de seguir avanzando nos llev\u00f3 a crear nuestras propias marcas. Tras el \u00e9xito de nuestro vino mallorqu\u00edn <\/span><strong style=\"font-size: 1rem;\" data-start=\"924\" data-end=\"938\">50 C\u00e9ntims<\/strong><span style=\"font-size: 1rem;\"> y las reconocidas <\/span><strong style=\"font-size: 1rem;\" data-start=\"957\" data-end=\"975\">Herbes Galatz\u00f3<\/strong><span style=\"font-size: 1rem;\">, decidimos dar un paso m\u00e1s con <\/span>Mar i Niguls<span style=\"font-size: 1rem;\">. Y, siendo sinceros, el \u00e9xito no nos ha sorprendido: creemos en este vino, y en lo que representa.<\/span><\/p>\t\t\t\t\t\t\t\t<\/div>\n\t\t\t\t<\/div>\n\t\t\t\t<div class=\"elementor-element elementor-element-6a0e2cd elementor-widget elementor-widget-heading\" data-id=\"6a0e2cd\" data-element_type=\"widget\" data-widget_type=\"heading.default\">\n\t\t\t\t<div class=\"elementor-widget-container\">\n\t\t\t\t\t<h6 class=\"elementor-heading-title elementor-size-default\">Nuestros vinos<\/h6>\t\t\t\t<\/div>\n\t\t\t\t<\/div>\n\t\t\t\t<div class=\"elementor-element elementor-element-b3c4729 elementor-align-center elementor-widget elementor-widget-button\" data-id=\"b3c4729\" data-element_type=\"widget\" data-widget_type=\"button.default\">\n\t\t\t\t<div class=\"elementor-widget-container\">\n\t\t\t\t\t\t\t\t\t<div class=\"elementor-button-wrapper\">\n\t\t\t\t\t<a class=\"elementor-button elementor-button-link elementor-size-sm\" href=\"https:\/\/www.hgmallorca.es\/?s=mar%20i%20niguls&#038;post_type=product\">\n\t\t\t\t\t\t<span class=\"elementor-button-content-wrapper\">\n\t\t\t\t\t\t<span class=\"elementor-button-icon\">\n\t\t\t\t<svg aria-hidden=\"true\" class=\"e-font-icon-svg e-fas-shopping-basket\" viewBox=\"0 0 576 512\" xmlns=\"http:\/\/www.w3.org\/2000\/svg\"><path d=\"M576 216v16c0 13.255-10.745 24-24 24h-8l-26.113 182.788C514.509 462.435 494.257 480 470.37 480H105.63c-23.887 0-44.139-17.565-47.518-41.212L32 256h-8c-13.255 0-24-10.745-24-24v-16c0-13.255 10.745-24 24-24h67.341l106.78-146.821c10.395-14.292 30.407-17.453 44.701-7.058 14.293 10.395 17.453 30.408 7.058 44.701L170.477 192h235.046L326.12 82.821c-10.395-14.292-7.234-34.306 7.059-44.701 14.291-10.395 34.306-7.235 44.701 7.058L484.659 192H552c13.255 0 24 10.745 24 24zM312 392V280c0-13.255-10.745-24-24-24s-24 10.745-24 24v112c0 13.255 10.745 24 24 24s24-10.745 24-24zm112 0V280c0-13.255-10.745-24-24-24s-24 10.745-24 24v112c0 13.255 10.745 24 24 24s24-10.745 24-24zm-224 0V280c0-13.255-10.745-24-24-24s-24 10.745-24 24v112c0 13.255 10.745 24 24 24s24-10.745 24-24z\"><\/path><\/svg>\t\t\t<\/span>\n\t\t\t\t\t\t\t\t\t<span class=\"elementor-button-text\">Quiero comprar Mar i Niguls<\/span>\n\t\t\t\t\t<\/span>\n\t\t\t\t\t<\/a>\n\t\t\t\t<\/div>\n\t\t\t\t\t\t\t\t<\/div>\n\t\t\t\t<\/div>\n\t\t<div class=\"elementor-element elementor-element-2d957d8 e-grid e-con-full e-con e-child\" data-id=\"2d957d8\" data-element_type=\"container\">\n\t\t\t\t<div class=\"elementor-element elementor-element-8a1a295 elementor-widget elementor-widget-image\" data-id=\"8a1a295\" data-element_type=\"widget\" data-widget_type=\"image.default\">\n\t\t\t\t<div class=\"elementor-widget-container\">\n\t\t\t\t\t\t\t\t\t\t\t\t\t\t\t\t<a href=\"https:\/\/drive.google.com\/file\/d\/16LKyoVMcw5-GpxERfkyVqQ4XMTwIdU92\/view?usp=sharing\">\n\t\t\t\t\t\t\t<img decoding=\"async\" src=\"https:\/\/dev.vinomariniguls.es\/wp-content\/uploads\/2025\/07\/Min-SB.svg\" title=\"Min SB\" alt=\"Min SB\" loading=\"lazy\" \/>\t\t\t\t\t\t\t\t<\/a>\n\t\t\t\t\t\t\t\t\t\t\t\t\t\t\t<\/div>\n\t\t\t\t<\/div>\n\t\t\t\t<div class=\"elementor-element elementor-element-450bef8 elementor-widget elementor-widget-image\" data-id=\"450bef8\" data-element_type=\"widget\" data-widget_type=\"image.default\">\n\t\t\t\t<div class=\"elementor-widget-container\">\n\t\t\t\t\t\t\t\t\t\t\t\t\t\t\t\t<a href=\"https:\/\/drive.google.com\/file\/d\/1lN6kvAV-02NQmmlKDn0jhP0dUjBUTfkl\/view?usp=sharing\">\n\t\t\t\t\t\t\t<img decoding=\"async\" width=\"237\" height=\"1024\" src=\"https:\/\/dev.vinomariniguls.es\/wp-content\/uploads\/2025\/07\/Min-Verdejo.svg\" class=\"attachment-large size-large wp-image-218\" alt=\"\" \/>\t\t\t\t\t\t\t\t<\/a>\n\t\t\t\t\t\t\t\t\t\t\t\t\t\t\t<\/div>\n\t\t\t\t<\/div>\n\t\t\t\t<div class=\"elementor-element elementor-element-3f2237b elementor-widget elementor-widget-image\" data-id=\"3f2237b\" data-element_type=\"widget\" data-widget_type=\"image.default\">\n\t\t\t\t<div class=\"elementor-widget-container\">\n\t\t\t\t\t\t\t\t\t\t\t\t\t\t\t\t<a href=\"https:\/\/drive.google.com\/file\/d\/1CuKOzLVo68-ab4EEFTdz5-y-7881Hzgm\/view?usp=drive_link\">\n\t\t\t\t\t\t\t<img decoding=\"async\" width=\"69\" height=\"300\" src=\"https:\/\/dev.vinomariniguls.es\/wp-content\/uploads\/2025\/07\/Min-rosado.svg\" class=\"attachment-medium size-medium wp-image-220\" alt=\"\" \/>\t\t\t\t\t\t\t\t<\/a>\n\t\t\t\t\t\t\t\t\t\t\t\t\t\t\t<\/div>\n\t\t\t\t<\/div>\n\t\t\t\t<\/div>\n\t\t\t\t\t<\/div>\n\t\t\t\t<\/div>\n\t\t<div class=\"elementor-element elementor-element-edbb541 e-flex e-con-boxed e-con e-parent\" data-id=\"edbb541\" data-element_type=\"container\">\n\t\t\t\t\t<div class=\"e-con-inner\">\n\t\t\t\t<div class=\"elementor-element elementor-element-e117a1e elementor-widget elementor-widget-zigzag\" data-id=\"e117a1e\" data-element_type=\"widget\" data-settings=\"{&quot;image_shape&quot;:&quot;sharp&quot;}\" data-widget_type=\"zigzag.default\">\n\t\t\t\t<div class=\"elementor-widget-container\">\n\t\t\t\t\t\t\t<div class=\"ehp-zigzag has-direction-start\">\n\t\t\t\t\t\t\t<div class=\"ehp-zigzag__item-wrapper\">\n\t\t\t\t\t<div class=\"ehp-zigzag__item-container\">\n\t\t\t\t\t\t\t\t<div class=\"ehp-zigzag__graphic-element-container has-image\">\n\t\t\t\t\t\t<div class=\"ehp-image ehp-zigzag__image-container\">\n\t\t\t\t<img decoding=\"async\" class=\"ehp-image__img ehp-zigzag__img has-shape-sharp shape-type-image\" src=\"https:\/\/dev.vinomariniguls.es\/wp-content\/uploads\/2025\/07\/Fiesta-min-Editada.jpg\" title=\"Fiesta min &#8211; Editada\" alt=\"Fiesta min - Editada\" loading=\"lazy\" \/>\t\t\t<\/div>\n\t\t\t\t\t<\/div>\n\t\t\t\t<div class=\"ehp-zigzag__text-container is-graphic-image\">\n\t\t\t<h2 class=\"ehp-zigzag__title\">\u00bfOrganizas un evento en Mallorca?<\/h2><p class=\"ehp-zigzag__description\">Mar i Niguls es el vino ideal para bodas, celebraciones privadas y eventos corporativos. Su sabor elegante, su presentaci\u00f3n cuidada y su versatilidad lo convierten en el complemento perfecto para cualquier ocasi\u00f3n. <\/p>\t\t<div class=\"ehp-zigzag__button-container\">\n\t\t\t<a class=\"ehp-button ehp-button--primary ehp-zigzag__button ehp-zigzag__button--primary is-type-link\">\n\t\t\t\t<span class=\"ehp-zigzag__button-text\">Quiero saber m\u00e1s<\/span>\t\t\t\t\t<\/a>\n\t\t<\/div>\n\t\t\t\t<\/div>\n\t\t\t\t\t\t\t<\/div>\n\t\t\t\t<\/div>\n\t\t\t\t\t\t\t\t<div class=\"ehp-zigzag__item-wrapper\">\n\t\t\t\t\t<div class=\"ehp-zigzag__item-container\">\n\t\t\t\t\t\t\t\t<div class=\"ehp-zigzag__graphic-element-container has-image\">\n\t\t\t\t\t\t<div class=\"ehp-image ehp-zigzag__image-container ehp-image ehp-zigzag__image-container\">\n\t\t\t\t<img decoding=\"async\" class=\"ehp-image__img ehp-zigzag__img has-shape-sharp shape-type-image\" src=\"https:\/\/dev.vinomariniguls.es\/wp-content\/uploads\/2025\/07\/i.jpg\" title=\"i\" alt=\"i\" loading=\"lazy\" \/>\t\t\t<\/div>\n\t\t\t\t\t<\/div>\n\t\t\t\t<div class=\"ehp-zigzag__text-container is-graphic-image\">\n\t\t\t<h2 class=\"ehp-zigzag__title\">Ven a probar nuestro vino<\/h2><p class=\"ehp-zigzag__description\">Te invitamos a visitar nuestras instalaciones y descubrir de primera mano el car\u00e1cter \u00fanico de Mar i Niguls.\nOrganizamos catas totalmente gratuitas donde podr\u00e1s probar nuestros vinos, conocer su historia y disfrutar de una experiencia cercana y aut\u00e9ntica. \u00a1Estaremos encantados de recibirte!\n\n<\/p>\t\t<div class=\"ehp-zigzag__button-container ehp-zigzag__button-container\">\n\t\t\t<a class=\"ehp-button ehp-button--primary ehp-zigzag__button ehp-zigzag__button--primary is-type-link\">\n\t\t\t\t<span class=\"ehp-zigzag__button-text\">\u00bfD\u00f3nde estamos?<\/span>\t\t\t\t\t<\/a>\n\t\t<\/div>\n\t\t\t\t<\/div>\n\t\t\t\t\t\t\t<\/div>\n\t\t\t\t<\/div>\n\t\t\t\t\t\t\t<\/div>\n\t\t\t\t\t\t<\/div>\n\t\t\t\t<\/div>\n\t\t\t\t\t<\/div>\n\t\t\t\t<\/div>\n\t\t\t\t<\/div>\n\t\t","protected":false},"excerpt":{"rendered":"<p>sobre nosotros Un paso m\u00e1s En Highland Gold llevamos m\u00e1s de cincuenta a\u00f1os dedic\u00e1ndonos a la distribuci\u00f3n de bebidas para hosteler\u00eda, peque\u00f1o comercio y particulares. Nuestro compromiso, cercan\u00eda y calidad nos han convertido en un referente del sector en Mallorca. Y queremos seguir creciendo, sin perder nunca nuestros valores ni nuestra profesionalidad.\u00a0Ese deseo de seguir [&hellip;]<\/p>\n","protected":false},"author":1,"featured_media":0,"parent":0,"menu_order":0,"comment_status":"closed","ping_status":"closed","template":"","meta":{"footnotes":""},"class_list":["post-43","page","type-page","status-publish","hentry"],"yoast_head":"<!-- This site is optimized with the Yoast SEO plugin v25.6 - https:\/\/yoast.com\/wordpress\/plugins\/seo\/ -->\n<title>MiN - Vino Mar i Niguls<\/title>\n<meta name=\"robots\" content=\"index, follow, max-snippet:-1, max-image-preview:large, max-video-preview:-1\" \/>\n<link rel=\"canonical\" href=\"https:\/\/dev.vinomariniguls.es\/\" \/>\n<meta property=\"og:locale\" content=\"es_ES\" \/>\n<meta property=\"og:type\" content=\"article\" \/>\n<meta property=\"og:title\" content=\"MiN - Vino Mar i Niguls\" \/>\n<meta property=\"og:description\" content=\"sobre nosotros Un paso m\u00e1s En Highland Gold llevamos m\u00e1s de cincuenta a\u00f1os dedic\u00e1ndonos a la distribuci\u00f3n de bebidas para hosteler\u00eda, peque\u00f1o comercio y particulares. Nuestro compromiso, cercan\u00eda y calidad nos han convertido en un referente del sector en Mallorca. Y queremos seguir creciendo, sin perder nunca nuestros valores ni nuestra profesionalidad.\u00a0Ese deseo de seguir [&hellip;]\" \/>\n<meta property=\"og:url\" content=\"https:\/\/dev.vinomariniguls.es\/\" \/>\n<meta property=\"og:site_name\" content=\"Vino Mar i Niguls\" \/>\n<meta property=\"article:modified_time\" content=\"2025-07-28T07:42:52+00:00\" \/>\n<meta property=\"og:image\" content=\"https:\/\/dev.vinomariniguls.es\/wp-content\/uploads\/2025\/06\/Mar-i-Niguls-portada-scaled.jpg\" \/>\n\t<meta property=\"og:image:width\" content=\"2560\" \/>\n\t<meta property=\"og:image:height\" content=\"1707\" \/>\n\t<meta property=\"og:image:type\" content=\"image\/jpeg\" \/>\n<meta name=\"twitter:card\" content=\"summary_large_image\" \/>\n<meta name=\"twitter:label1\" content=\"Tiempo de lectura\" \/>\n\t<meta name=\"twitter:data1\" content=\"3 minutos\" \/>\n<script type=\"application\/ld+json\" class=\"yoast-schema-graph\">{\"@context\":\"https:\/\/schema.org\",\"@graph\":[{\"@type\":\"WebPage\",\"@id\":\"https:\/\/dev.vinomariniguls.es\/\",\"url\":\"https:\/\/dev.vinomariniguls.es\/\",\"name\":\"MiN - Vino Mar i Niguls\",\"isPartOf\":{\"@id\":\"https:\/\/dev.vinomariniguls.es\/#website\"},\"primaryImageOfPage\":{\"@id\":\"https:\/\/dev.vinomariniguls.es\/#primaryimage\"},\"image\":{\"@id\":\"https:\/\/dev.vinomariniguls.es\/#primaryimage\"},\"thumbnailUrl\":\"https:\/\/dev.vinomariniguls.es\/wp-content\/uploads\/2025\/06\/Mar-i-Niguls-portada-scaled.jpg\",\"datePublished\":\"2025-06-16T09:20:54+00:00\",\"dateModified\":\"2025-07-28T07:42:52+00:00\",\"breadcrumb\":{\"@id\":\"https:\/\/dev.vinomariniguls.es\/#breadcrumb\"},\"inLanguage\":\"es\",\"potentialAction\":[{\"@type\":\"ReadAction\",\"target\":[\"https:\/\/dev.vinomariniguls.es\/\"]}]},{\"@type\":\"ImageObject\",\"inLanguage\":\"es\",\"@id\":\"https:\/\/dev.vinomariniguls.es\/#primaryimage\",\"url\":\"https:\/\/dev.vinomariniguls.es\/wp-content\/uploads\/2025\/06\/Mar-i-Niguls-portada-scaled.jpg\",\"contentUrl\":\"https:\/\/dev.vinomariniguls.es\/wp-content\/uploads\/2025\/06\/Mar-i-Niguls-portada-scaled.jpg\",\"width\":2560,\"height\":1707},{\"@type\":\"BreadcrumbList\",\"@id\":\"https:\/\/dev.vinomariniguls.es\/#breadcrumb\",\"itemListElement\":[{\"@type\":\"ListItem\",\"position\":1,\"name\":\"Portada\",\"item\":\"https:\/\/dev.vinomariniguls.es\/\"},{\"@type\":\"ListItem\",\"position\":2,\"name\":\"MiN\"}]},{\"@type\":\"WebSite\",\"@id\":\"https:\/\/dev.vinomariniguls.es\/#website\",\"url\":\"https:\/\/dev.vinomariniguls.es\/\",\"name\":\"Vino Mar i Niguls\",\"description\":\"\",\"publisher\":{\"@id\":\"https:\/\/dev.vinomariniguls.es\/#organization\"},\"potentialAction\":[{\"@type\":\"SearchAction\",\"target\":{\"@type\":\"EntryPoint\",\"urlTemplate\":\"https:\/\/dev.vinomariniguls.es\/?s={search_term_string}\"},\"query-input\":{\"@type\":\"PropertyValueSpecification\",\"valueRequired\":true,\"valueName\":\"search_term_string\"}}],\"inLanguage\":\"es\"},{\"@type\":\"Organization\",\"@id\":\"https:\/\/dev.vinomariniguls.es\/#organization\",\"name\":\"Vino Mar i Niguls\",\"url\":\"https:\/\/dev.vinomariniguls.es\/\",\"logo\":{\"@type\":\"ImageObject\",\"inLanguage\":\"es\",\"@id\":\"https:\/\/dev.vinomariniguls.es\/#\/schema\/logo\/image\/\",\"url\":\"https:\/\/dev.vinomariniguls.es\/wp-content\/uploads\/2025\/06\/cropped-MariNiguls_verdejo_CMYK.pdf.jpg\",\"contentUrl\":\"https:\/\/dev.vinomariniguls.es\/wp-content\/uploads\/2025\/06\/cropped-MariNiguls_verdejo_CMYK.pdf.jpg\",\"width\":512,\"height\":512,\"caption\":\"Vino Mar i Niguls\"},\"image\":{\"@id\":\"https:\/\/dev.vinomariniguls.es\/#\/schema\/logo\/image\/\"}}]}<\/script>\n<!-- \/ Yoast SEO plugin. -->","yoast_head_json":{"title":"MiN - Vino Mar i Niguls","robots":{"index":"index","follow":"follow","max-snippet":"max-snippet:-1","max-image-preview":"max-image-preview:large","max-video-preview":"max-video-preview:-1"},"canonical":"https:\/\/dev.vinomariniguls.es\/","og_locale":"es_ES","og_type":"article","og_title":"MiN - Vino Mar i Niguls","og_description":"sobre nosotros Un paso m\u00e1s En Highland Gold llevamos m\u00e1s de cincuenta a\u00f1os dedic\u00e1ndonos a la distribuci\u00f3n de bebidas para hosteler\u00eda, peque\u00f1o comercio y particulares. Nuestro compromiso, cercan\u00eda y calidad nos han convertido en un referente del sector en Mallorca. Y queremos seguir creciendo, sin perder nunca nuestros valores ni nuestra profesionalidad.\u00a0Ese deseo de seguir [&hellip;]","og_url":"https:\/\/dev.vinomariniguls.es\/","og_site_name":"Vino Mar i Niguls","article_modified_time":"2025-07-28T07:42:52+00:00","og_image":[{"width":2560,"height":1707,"url":"https:\/\/dev.vinomariniguls.es\/wp-content\/uploads\/2025\/06\/Mar-i-Niguls-portada-scaled.jpg","type":"image\/jpeg"}],"twitter_card":"summary_large_image","twitter_misc":{"Tiempo de lectura":"3 minutos"},"schema":{"@context":"https:\/\/schema.org","@graph":[{"@type":"WebPage","@id":"https:\/\/dev.vinomariniguls.es\/","url":"https:\/\/dev.vinomariniguls.es\/","name":"MiN - Vino Mar i Niguls","isPartOf":{"@id":"https:\/\/dev.vinomariniguls.es\/#website"},"primaryImageOfPage":{"@id":"https:\/\/dev.vinomariniguls.es\/#primaryimage"},"image":{"@id":"https:\/\/dev.vinomariniguls.es\/#primaryimage"},"thumbnailUrl":"https:\/\/dev.vinomariniguls.es\/wp-content\/uploads\/2025\/06\/Mar-i-Niguls-portada-scaled.jpg","datePublished":"2025-06-16T09:20:54+00:00","dateModified":"2025-07-28T07:42:52+00:00","breadcrumb":{"@id":"https:\/\/dev.vinomariniguls.es\/#breadcrumb"},"inLanguage":"es","potentialAction":[{"@type":"ReadAction","target":["https:\/\/dev.vinomariniguls.es\/"]}]},{"@type":"ImageObject","inLanguage":"es","@id":"https:\/\/dev.vinomariniguls.es\/#primaryimage","url":"https:\/\/dev.vinomariniguls.es\/wp-content\/uploads\/2025\/06\/Mar-i-Niguls-portada-scaled.jpg","contentUrl":"https:\/\/dev.vinomariniguls.es\/wp-content\/uploads\/2025\/06\/Mar-i-Niguls-portada-scaled.jpg","width":2560,"height":1707},{"@type":"BreadcrumbList","@id":"https:\/\/dev.vinomariniguls.es\/#breadcrumb","itemListElement":[{"@type":"ListItem","position":1,"name":"Portada","item":"https:\/\/dev.vinomariniguls.es\/"},{"@type":"ListItem","position":2,"name":"MiN"}]},{"@type":"WebSite","@id":"https:\/\/dev.vinomariniguls.es\/#website","url":"https:\/\/dev.vinomariniguls.es\/","name":"Vino Mar i Niguls","description":"","publisher":{"@id":"https:\/\/dev.vinomariniguls.es\/#organization"},"potentialAction":[{"@type":"SearchAction","target":{"@type":"EntryPoint","urlTemplate":"https:\/\/dev.vinomariniguls.es\/?s={search_term_string}"},"query-input":{"@type":"PropertyValueSpecification","valueRequired":true,"valueName":"search_term_string"}}],"inLanguage":"es"},{"@type":"Organization","@id":"https:\/\/dev.vinomariniguls.es\/#organization","name":"Vino Mar i Niguls","url":"https:\/\/dev.vinomariniguls.es\/","logo":{"@type":"ImageObject","inLanguage":"es","@id":"https:\/\/dev.vinomariniguls.es\/#\/schema\/logo\/image\/","url":"https:\/\/dev.vinomariniguls.es\/wp-content\/uploads\/2025\/06\/cropped-MariNiguls_verdejo_CMYK.pdf.jpg","contentUrl":"https:\/\/dev.vinomariniguls.es\/wp-content\/uploads\/2025\/06\/cropped-MariNiguls_verdejo_CMYK.pdf.jpg","width":512,"height":512,"caption":"Vino Mar i Niguls"},"image":{"@id":"https:\/\/dev.vinomariniguls.es\/#\/schema\/logo\/image\/"}}]}},"_links":{"self":[{"href":"https:\/\/dev.vinomariniguls.es\/index.php?rest_route=\/wp\/v2\/pages\/43","targetHints":{"allow":["GET"]}}],"collection":[{"href":"https:\/\/dev.vinomariniguls.es\/index.php?rest_route=\/wp\/v2\/pages"}],"about":[{"href":"https:\/\/dev.vinomariniguls.es\/index.php?rest_route=\/wp\/v2\/types\/page"}],"author":[{"embeddable":true,"href":"https:\/\/dev.vinomariniguls.es\/index.php?rest_route=\/wp\/v2\/users\/1"}],"replies":[{"embeddable":true,"href":"https:\/\/dev.vinomariniguls.es\/index.php?rest_route=%2Fwp%2Fv2%2Fcomments&post=43"}],"version-history":[{"count":109,"href":"https:\/\/dev.vinomariniguls.es\/index.php?rest_route=\/wp\/v2\/pages\/43\/revisions"}],"predecessor-version":[{"id":305,"href":"https:\/\/dev.vinomariniguls.es\/index.php?rest_route=\/wp\/v2\/pages\/43\/revisions\/305"}],"wp:attachment":[{"href":"https:\/\/dev.vinomariniguls.es\/index.php?rest_route=%2Fwp%2Fv2%2Fmedia&parent=43"}],"curies":[{"name":"wp","href":"https:\/\/api.w.org\/{rel}","templated":true}]}}